{"id":13496,"date":"2021-10-20T23:37:31","date_gmt":"2021-10-20T23:37:31","guid":{"rendered":"http:\/\/cafemosaico.com.ec\/?page_id=13496"},"modified":"2021-10-21T00:46:53","modified_gmt":"2021-10-21T00:46:53","slug":"bar-menu","status":"publish","type":"page","link":"https:\/\/cafemosaico.com.ec\/bar-menu\/","title":{"rendered":"BAR MENU"},"content":{"rendered":"<p><img decoding=\"async\" src=\"http:\/\/cafemosaico.com.ec\/wp-content\/uploads\/2021\/10\/martini.jpeg\" alt=\"Coffe Menu\" width=\"100%\" \/><\/p>\n<style type=\"text\/css\">\n<!-- .style33 {font-size: 36px} .style34 { font-size: 24px; font-weight: bold; } .style37 {font-size: 24px} --><br \/>\n<\/style>\n<p style=\"text-align: center;\"><strong>12% IVA is included in the prices<\/strong><\/p>\n<h4 class=\"style11\"><strong>(v)= vegetarian<\/strong><\/h4>\n<table width=\"100%\" cellspacing=\"0\" cellpadding=\"0\">\n<tbody>\n<tr>\n<td colspan=\"4\" height=\"20\">\n<div align=\"center\"><span class=\"style33\">BAR &amp; C O C K T A I L S<\/span><\/div>\n<\/td>\n<\/tr>\n<tr>\n<td colspan=\"2\" height=\"20\">\n<div align=\"center\"><span class=\"style34\">WINE<\/span><\/div>\n<\/td>\n<td colspan=\"2\">\n<div align=\"center\"><span class=\"style34\">BEER<\/span><\/div>\n<\/td>\n<\/tr>\n<tr>\n<td height=\"20\">corkage fee<\/td>\n<td width=\"32\">10<\/td>\n<td width=\"626\">Pilsener 330ml<\/td>\n<td width=\"63\">3.5<\/td>\n<\/tr>\n<tr>\n<td height=\"20\">GLASS \/ COPA de la casa<\/td>\n<td>7<\/td>\n<td>Biela reserva 330ml<\/td>\n<td>3.5<\/td>\n<\/tr>\n<tr>\n<td height=\"20\">BOTTLE \/ BOTELLA de la casa<\/td>\n<td>28<\/td>\n<td>Club 330ml<\/td>\n<td>3.75<\/td>\n<\/tr>\n<tr>\n<td height=\"20\">Casillero del Diablo 45\u00a0\u00a0 Borba (DOC Alentejo)<\/td>\n<td>40<\/td>\n<td>Heineken 330ml<\/td>\n<td>4.5<\/td>\n<\/tr>\n<tr>\n<td height=\"20\">\u00a0\u00a0\u00a0\u00a0\u00a0\u00a0\u00a0\u00a0\u00a0\u00a0\u00a0\u00a0\u00a0\u00a0\u00a0\u00a0\u00a0\u00a0\u00a0\u00a0 Malbec<\/td>\n<td>32<\/td>\n<td>Biela reserva 600ml<\/td>\n<td>4.5<\/td>\n<\/tr>\n<tr>\n<td height=\"20\">\u00a0\u00a0\u00a0\u00a0\u00a0\u00a0\u00a0\u00a0\u00a0\u00a0\u00a0\u00a0\u00a0\u00a0\u00a0\u00a0\u00a0\u00a0\u00a0\u00a0 \u00bd botella<\/td>\n<td>22<\/td>\n<td>adicional (add) chelada\/michelada<\/td>\n<td>1.5<\/td>\n<\/tr>\n<tr>\n<td width=\"596\" height=\"38\"><strong>SANGRIA<\/strong> (jam\u00e1s hecho con vino de caja)<br \/>\nROJA tradicional o nuestra BLANCA!<\/td>\n<td><\/td>\n<td colspan=\"2\">\n<div class=\"style34\" align=\"center\">CORDIALS &amp; LIQUEURS<\/div>\n<\/td>\n<\/tr>\n<tr>\n<td height=\"21\">\u00a0\u00a0\u00a0\u00a0\u00a0\u00a0\u00a0\u00a0\u00a0\u00a0\u00a0\u00a0\u00a0\u00a0\u00a0\u00a0\u00a0\u00a0\u00a0\u00a0 jarra 1\u00bd litro<\/td>\n<td>40<\/td>\n<td colspan=\"2\">Almond \/ almendra : Amaretto 6\u00a0\u00a0\u00a0\u00a0\u00a0 Italiano 10<\/td>\n<\/tr>\n<tr>\n<td height=\"20\">\u00a0\u00a0\u00a0\u00a0\u00a0\u00a0\u00a0\u00a0\u00a0\u00a0\u00a0\u00a0\u00a0\u00a0\u00a0\u00a0\u00a0\u00a0\u00a0\u00a0 media jarra<\/td>\n<td>22<\/td>\n<td colspan=\"2\">Anis : Sambuca 10\u00a0\u00a0 Coffee \/ caf\u00e9 : 6\u00a0 Kahlua 10<\/td>\n<\/tr>\n<tr>\n<td height=\"20\"><\/td>\n<td><\/td>\n<td colspan=\"2\">Irish cream imported : 8<\/td>\n<\/tr>\n<tr>\n<td colspan=\"4\" height=\"20\">\n<div align=\"center\"><span class=\"style37\">we discourage off premise liquor,corkage\u00a0\u00a0\u00a0\u00a0\u00a0\u00a0\u00a0\u00a0\u00a0\u00a0\u00a0\u00a0\u00a0\u00a0\u00a0\u00a0\u00a0\u00a0\u00a0\u00a0\u00a0\u00a0\u00a0\u00a0\u00a0 80<\/span><\/div>\n<\/td>\n<\/tr>\n<tr>\n<td height=\"20\"><\/td>\n<td><\/td>\n<td><\/td>\n<td><\/td>\n<\/tr>\n<tr>\n<td colspan=\"4\" height=\"20\">\n<div class=\"style34\" align=\"center\">CLASSIC HOT DRINKS<\/div>\n<\/td>\n<\/tr>\n<tr>\n<td height=\"20\">Hot toddy ~ron, canela az\u00facar y agua caliente<\/td>\n<td>6<\/td>\n<td>Hot lemon amaretto ~amaretto y limonada caliente<\/td>\n<td>6<\/td>\n<\/tr>\n<tr>\n<td height=\"20\">Hot buttered rum ~ron, mantequilla, az\u00facar\u00a0 y agua caliente<\/td>\n<td>6<\/td>\n<td>Hot wine (Vino hervido) ~vino caliente, canela, naranja y az\u00facar<\/td>\n<td>7<\/td>\n<\/tr>\n<tr>\n<td height=\"20\"><\/td>\n<td><\/td>\n<td><\/td>\n<td><\/td>\n<\/tr>\n<tr>\n<td colspan=\"4\" height=\"67\">\n<div align=\"center\">\n<p class=\"style34\">CANELAZO<\/p>\n<p>Ecuador\u2019s hot cider, made with fr uit juice and sugar cane spirits<br \/>\nnaranjilla (traditional), maracuy\u00e1 (passion fruit), mora (blackberry), pi\u00f1a (pineapple), chocolate<\/p>\n<\/div>\n<\/td>\n<\/tr>\n<tr>\n<td height=\"20\">MUG<\/td>\n<td>4<\/td>\n<td>PITCHER<\/td>\n<td>15<\/td>\n<\/tr>\n<tr>\n<td height=\"20\"><\/td>\n<td><\/td>\n<td><\/td>\n<td><\/td>\n<\/tr>\n<tr>\n<td colspan=\"4\" height=\"45\">&nbsp;<\/p>\n<div align=\"center\"><span class=\"style34\">HOT WINE<\/span><br \/>\nHighland favorite with wine and orange cinnammon mix<\/div>\n<\/td>\n<\/tr>\n<tr>\n<td height=\"20\">MUG<\/td>\n<td>7<\/td>\n<td>PITCHER<\/td>\n<td>29<\/td>\n<\/tr>\n<tr>\n<td height=\"20\"><\/td>\n<td colspan=\"2\"><\/td>\n<td><\/td>\n<\/tr>\n<tr>\n<td colspan=\"4\" height=\"20\">\n<div class=\"style34\" align=\"center\">CLASSIC COCKTAILS<\/div>\n<\/td>\n<\/tr>\n<tr>\n<td height=\"20\">Martini ~ gin o vodka y vermouth seco<\/td>\n<td>10<\/td>\n<td>Whiskey sour ~ whiskey y agridulce<\/td>\n<td>9<\/td>\n<\/tr>\n<tr>\n<td height=\"20\">Negroni ~ gin, campari, y vermouth dulce<\/td>\n<td>10<\/td>\n<td>Pisco sour &#8211; pisco, gotas amargas y agridulce<\/td>\n<td>7<\/td>\n<\/tr>\n<tr>\n<td height=\"20\">Cosmopolitan ~ vodka, triple sec, lima y jugo de arandano<\/td>\n<td>10<\/td>\n<td>Daiquiri ~ ron y agridulce<\/td>\n<td>6<\/td>\n<\/tr>\n<tr>\n<td height=\"20\">Godfather ~ amaretto y scotch<\/td>\n<td>8<\/td>\n<td>Margarita ~ tequila, triple sec y agridulce<\/td>\n<td>8<\/td>\n<\/tr>\n<tr>\n<td height=\"20\">Black Russian<\/td>\n<td>8<\/td>\n<td>Caipirinha &#8211; cachac\u00e1, lim\u00f3n y az\u00facar<\/td>\n<td>8<\/td>\n<\/tr>\n<tr>\n<td height=\"20\">Gin o Vodka &amp; Tonic<\/td>\n<td>6<\/td>\n<td>Kamikaze ~ vodka, triple sec y lima<\/td>\n<td>8<\/td>\n<\/tr>\n<tr>\n<td height=\"20\">Tom Collins ~ gin, agridulce y soda<\/td>\n<td>8<\/td>\n<td>Pi\u00f1a colada ~ ron, crema de coco y jugo de pina<\/td>\n<td>9<\/td>\n<\/tr>\n<tr>\n<td height=\"20\">Screwdriver ~ vodka y jugo de naranja<\/td>\n<td>6<\/td>\n<td>Bloody Mary ~vodka, jugo de\u00a0 tomate y especies<\/td>\n<td>9<\/td>\n<\/tr>\n<tr>\n<td height=\"20\">Cuba libre ~ ron y cola<\/td>\n<td>6<\/td>\n<td>Kir ~ vino blanco y liqueur cassis<\/td>\n<td>7<\/td>\n<\/tr>\n<tr>\n<td height=\"20\">Tequila sunrise ~ tequila, jugo de naranja y granadina<\/td>\n<td>8<\/td>\n<td>Alexander ~ liqueur cacao, gin\u00a0 y crema de leche<\/td>\n<td>7<\/td>\n<\/tr>\n<tr>\n<td height=\"20\">Sex on the beach ~ licor durazno, vodka, naranja y arandano<\/td>\n<td>7<\/td>\n<td>Brandy Alexander ~ liqueur cacao, brandy y crema de leche<\/td>\n<td>8<\/td>\n<\/tr>\n<tr>\n<td height=\"20\">Long Island iced tea ~ 4 claros, triple sec, agridulce y cola<\/td>\n<td>8<\/td>\n<td>Screaming orgasm ~ liqueur caf\u00e9, Irish cream, vodka, y crema<\/td>\n<td>8<\/td>\n<\/tr>\n<tr>\n<td height=\"20\">Mojito ~ ron, menta, lim\u00f3n, az\u00facar y soda<\/td>\n<td>6<\/td>\n<td>Grasshopper ~ liqueurs cacao y menthe y crema de leche<\/td>\n<td>6<\/td>\n<\/tr>\n<tr>\n<td height=\"20\"><\/td>\n<td colspan=\"2\"><\/td>\n<td><\/td>\n<\/tr>\n<tr>\n<td colspan=\"4\" height=\"20\">\n<div class=\"style34\" align=\"center\">PONCHE BAR<\/div>\n<\/td>\n<\/tr>\n<tr>\n<td height=\"20\">Ponche classic ~ brandy<\/td>\n<td>7<\/td>\n<td>Poncholate ~ licor de cacao<\/td>\n<td>5<\/td>\n<\/tr>\n<tr>\n<td height=\"20\">Pontch ~ whiskey<\/td>\n<td>7<\/td>\n<td>Poncholate ~ licor de cacao<\/td>\n<td>6<\/td>\n<\/tr>\n<tr>\n<td height=\"20\"><\/td>\n<td colspan=\"2\"><\/td>\n<td><\/td>\n<\/tr>\n<tr>\n<td colspan=\"4\" height=\"20\">\n<div align=\"center\"><span class=\"style37\"><strong>CLASSIC COFFEE DRINKS<\/strong><\/span>(topped with cream)<\/div>\n<\/td>\n<\/tr>\n<tr>\n<td height=\"20\">Whiskey<\/td>\n<td>7<\/td>\n<td>Amaretto<\/td>\n<td>6<\/td>\n<\/tr>\n<tr>\n<td height=\"20\">Brandy<\/td>\n<td>6<\/td>\n<td>Irish cream<\/td>\n<td>8<\/td>\n<\/tr>\n<\/tbody>\n<\/table>\n","protected":false},"excerpt":{"rendered":"<p>12% IVA is included in the prices (v)= vegetarian BAR &amp; C O C K T A I L S WINE BEER corkage fee 10 Pilsener 330ml 3.5 GLASS \/ COPA de la casa 7 Biela reserva 330ml 3.5 BOTTLE \/ BOTELLA de la casa 28 Club 330ml 3.75 Casillero del Diablo 45\u00a0\u00a0 Borba (DOC Alentejo) 40 Heineken 330ml 4.5 \u00a0\u00a0\u00a0\u00a0\u00a0\u00a0\u00a0\u00a0\u00a0\u00a0\u00a0\u00a0\u00a0\u00a0\u00a0\u00a0\u00a0\u00a0\u00a0\u00a0 Malbec 32 Biela reserva 600ml 4.5 \u00a0\u00a0\u00a0\u00a0\u00a0\u00a0\u00a0\u00a0\u00a0\u00a0\u00a0\u00a0\u00a0\u00a0\u00a0\u00a0\u00a0\u00a0\u00a0\u00a0 \u00bd botella 22 adicional (add) chelada\/michelada 1.5 SANGRIA (jam\u00e1s hecho con vino [&hellip;]<\/p>\n","protected":false},"author":2,"featured_media":0,"parent":0,"menu_order":0,"comment_status":"closed","ping_status":"closed","template":"","meta":{"footnotes":""},"class_list":["post-13496","page","type-page","status-publish","hentry"],"_links":{"self":[{"href":"https:\/\/cafemosaico.com.ec\/wp-json\/wp\/v2\/pages\/13496","targetHints":{"allow":["GET"]}}],"collection":[{"href":"https:\/\/cafemosaico.com.ec\/wp-json\/wp\/v2\/pages"}],"about":[{"href":"https:\/\/cafemosaico.com.ec\/wp-json\/wp\/v2\/types\/page"}],"author":[{"embeddable":true,"href":"https:\/\/cafemosaico.com.ec\/wp-json\/wp\/v2\/users\/2"}],"replies":[{"embeddable":true,"href":"https:\/\/cafemosaico.com.ec\/wp-json\/wp\/v2\/comments?post=13496"}],"version-history":[{"count":6,"href":"https:\/\/cafemosaico.com.ec\/wp-json\/wp\/v2\/pages\/13496\/revisions"}],"predecessor-version":[{"id":13507,"href":"https:\/\/cafemosaico.com.ec\/wp-json\/wp\/v2\/pages\/13496\/revisions\/13507"}],"wp:attachment":[{"href":"https:\/\/cafemosaico.com.ec\/wp-json\/wp\/v2\/media?parent=13496"}],"curies":[{"name":"wp","href":"https:\/\/api.w.org\/{rel}","templated":true}]}}